{"id":323,"date":"2022-11-11T13:49:28","date_gmt":"2022-11-11T13:49:28","guid":{"rendered":"http:\/\/widewings.eu\/?page_id=323"},"modified":"2022-11-23T12:51:19","modified_gmt":"2022-11-23T12:51:19","slug":"privatumo-politika","status":"publish","type":"page","link":"https:\/\/widewings.eu\/lt\/privatumo-politika\/","title":{"rendered":"Privatumo Politika"},"content":{"rendered":"<p><span style=\"font-weight: 400;\">\u0160i privatumo ir slapuk\u0173 politika (toliau \u2013 Politika) taikoma visiems Wide Wings svetain\u0117s vartotojams. \u0160i politika netaikoma, jei nar\u0161ote tre\u010di\u0173j\u0173 \u0161ali\u0173 svetain\u0117se, kurias pasiek\u0117te per Wide Wings svetain\u0119.<\/span><\/p>\n<p><span style=\"font-weight: 400;\">Savo tinklalapio lankytoj\u0173 duomenis renkame tik gav\u0119 lankytoj\u0173 sutikim\u0105, vadovaudamiesi Lietuvos Respublikos asmens duomen\u0173 teisin\u0117s apsaugos \u012fstatymo, Lietuvos Respublikos elektronini\u0173 ry\u0161i\u0173 \u012fstatymo, Europos S\u0105jungos asmens duomen\u0173 apsaugos \u012fstatymo reikalavimais ir kit\u0173 susijusi\u0173 teis\u0117s akt\u0173 ir kontroliuojan\u010di\u0173 institucij\u0173 reikalavimais.<\/span><\/p>\n<h3>Koki\u0105 informacij\u0105 renkame<\/h3>\n<p><span style=\"font-weight: 400;\">UAB Wide Wings, juridinio asmens kodas 302988072, buvein\u0117s adresas Verki\u0173 g. 11, LT-72186 Taurag\u0117, renka duomenis apie savo lankytoj\u0173 veiksmus ir nar\u0161ymo \u012fpro\u010dius svetain\u0117je, paslaug\u0173 teikimo tikslais naudodama slapukus. Slapuk\u0173 tipai ir j\u0173 paskirtis yra pateikti \u017eemiau esan\u010dioje lentel\u0117je.<\/span><\/p>\n<p><span style=\"font-weight: 400;\">Taikome tinkamas saugumo priemones, kad i\u0161vengtume informacijos, kuri\u0105 surinkome apie Wide Wings svetain\u0117s vartotojus, praradimo, netinkamo naudojimo ar pakeitimo. Wide Wings darbuotojai yra ra\u0161tu \u012fsipareigoj\u0119 neatskleisti ir neteikti jokios informacijos apie gaut\u0105 informacij\u0105 apie \u012fmon\u0117s klientus tretiesiems asmenims, \u012fskaitant informacij\u0105 apie Wide Wings svetain\u0117s vartotojus.<\/span><\/p>\n<p><span style=\"font-weight: 400;\">Informacij\u0105 apie puslapyje surinktus asmens duomenis gali pasiekti IT paslaug\u0173 \u012fmon\u0117s, ta\u010diau jos yra \u012fsipareigojusios \u0161iuos duomenis tvarkyti grie\u017etai laikydamosi galiojan\u010di\u0173 \u012fstatym\u0173 ir duomen\u0173 tvarkymo sutar\u010di\u0173.<\/span><\/p>\n<p><span style=\"font-weight: 400;\">Google Inc. Taip pat turi prieig\u0105 prie duomen\u0173, surinkt\u0173 naudojant slapukus, ta\u010diau yra \u012fsipareigojusi laikytis ES privatumo standart\u0173.<\/span><\/p>\n<h3>Slapuk\u0173 naudojimas<\/h3>\n<p><span style=\"font-weight: 400;\">Jums nar\u0161ant Wide Wings tinklalapyje, mes norime pateikti j\u016bs\u0173 interesams pritaikyt\u0105 informacij\u0105 ir funkcijas. Mes naudojame slapukus, kad pad\u0117tume jums suteikti suasmenint\u0105 patirt\u012f. Slapukai yra ma\u017ei tekstiniai failai, kuriuos saugo j\u016bs\u0173 interneto nar\u0161ykl\u0117. Jie padeda mums atpa\u017einti jus, kai gr\u012f\u017etate \u012f m\u016bs\u0173 svetain\u0119, rinkti informacij\u0105 apie j\u016bs\u0173 naudojim\u0105si svetaine ir pritaikyti svetain\u0117s turin\u012f pagal j\u016bs\u0173 pom\u0117gius, steb\u0117ti apsilankym\u0173 Wide Wings svetain\u0117je trukm\u0119 ir da\u017enum\u0105, rinkti statistin\u0119 informacij\u0105 apie svetain\u0117s vartotoj\u0173 skai\u010di\u0173. I\u0161analizav\u0119 \u0161i\u0105 informacij\u0105, galime pagerinti savo svetain\u0117s veikim\u0105 ir j\u016bs\u0173, kaip vartotojo, patirt\u012f. Kai lankot\u0117s Wide Wings svetain\u0117je, galite pasirinkti, ar norite priimti slapukus. Jei nenorite priimti slapuk\u0173 savo kompiuteryje ar kitame \u012frenginyje, bet kuriuo metu galite at\u0161aukti savo sutikim\u0105, pakeisdami savo nar\u0161ykl\u0117s nustatymus ir i\u0161trindami slapukus, kurie jau buvo i\u0161saugoti.<\/span><\/p>\n<p><span style=\"font-weight: 400;\">Informacijai rinkti taikomos administracin\u0117s, technin\u0117s ir programin\u0117s \u012frangos apsaugos bei kompiuteri\u0173 tinklo saugumo priemon\u0117s, u\u017etikrinan\u010dios pakankam\u0105 duomen\u0173 apsaugos lyg\u012f, atitinkant\u012f tvarkom\u0173 duomen\u0173 pob\u016bd\u012f ir su j\u0173 valdymu susijusi\u0105 rizik\u0105.<\/span><\/p>\n<h3>Informacija apie m\u016bs\u0173 svetain\u0117je naudojamus slapukus<\/h3>\n<table>\n<tbody>\n<tr>\n<td>Pavadinimas<\/td>\n<td>Apra\u0161ymas<\/td>\n<td>Suk\u016brimo \/ Galiojimo laikas<\/td>\n<\/tr>\n<tr>\n<td><span style=\"font-weight: 400;\">CMSSESSIDX<\/span><\/td>\n<td><span style=\"font-weight: 400;\">Standartinis slapukas, naudojamas vartotojo sesijai palaikyti.<\/span><\/td>\n<td><span style=\"font-weight: 400;\">\u012e\u0117jimo \u012f puslap\u012f metu\/ <\/span><span style=\"font-weight: 400;\">iki interneto svetain\u0117s lango u\u017edarymo<\/span><\/td>\n<\/tr>\n<tr>\n<td><span style=\"font-weight: 400;\">cookiesAgree<\/span><\/td>\n<td><span style=\"font-weight: 400;\">Slapukas, naudojamas atpa\u017einti ar sutikote su slapuk\u0173 naudojimu m\u016bs\u0173 svetain\u0117je<\/span><\/td>\n<td><span style=\"font-weight: 400;\">Nuo sutikimo\/ Iki i\u0161trynimo<\/span><\/td>\n<\/tr>\n<tr>\n<td><span style=\"font-weight: 400;\">cookiesLevelX<\/span><\/td>\n<td><span style=\"font-weight: 400;\">Slapukas, atskiriantis kokius slapukus leid\u017eiate naudoti m\u016bs\u0173 svetain\u0117je<\/span><\/td>\n<td><span style=\"font-weight: 400;\">Nuo sutikimo \/ Iki i\u0161trynimo<\/span><\/td>\n<\/tr>\n<tr>\n<td><span style=\"font-weight: 400;\">_ga<\/span><\/td>\n<td><span style=\"font-weight: 400;\">\u0160\u012f slapuk\u0105 naudoja \u201eGoogle Analytics\u201d, kad \u012fvertint\u0173 vartotojo apsilankymo tikslus, parengt\u0173 ataskaitas apie tinklalapio aktyvum\u0105 svetaini\u0173 operatoriams ir pagerint\u0173 kliento patirt\u012f besilankant svetain\u0117je<\/span><\/td>\n<td><span style=\"font-weight: 400;\">Nuo sutikimo \/ <\/span><span style=\"font-weight: 400;\">2 metai.<\/span><\/td>\n<\/tr>\n<tr>\n<td><span style=\"font-weight: 400;\">_gat<\/span><\/td>\n<td><span style=\"font-weight: 400;\">\u0160ie slapukai naudojami \u201eGoogle Analytics\u201d statistinei informacijai apie interneto svetain\u0117s lankomum\u0105 rinkti.<\/span><\/td>\n<td><span style=\"font-weight: 400;\">Pirm\u0105 kart\u0105 at\u0117jus \u012f puslap\u012f \/ <\/span><span style=\"font-weight: 400;\">iki sesijos pabaigos<\/span><\/td>\n<\/tr>\n<tr>\n<td><span style=\"font-weight: 400;\">_gid<\/span><\/td>\n<td><span style=\"font-weight: 400;\">\u0160is slapukas naudojamas \u201eGoogle Analytics\u201d siekiant atpa\u017einti Asmen\u012f.<\/span><\/td>\n<td><span style=\"font-weight: 400;\">Pirmo \u012f\u0117jimo \u012f puslap\u012f metu \/ <\/span><span style=\"font-weight: 400;\">2 dienos<\/span><\/td>\n<\/tr>\n<tr>\n<td><span style=\"font-weight: 400;\">_gat_gtag_<\/span><\/td>\n<td><span style=\"font-weight: 400;\">\u0160ie slapukai naudojami \u201eGoogle Tag Manager\u201d.<\/span><\/td>\n<td><span style=\"font-weight: 400;\">Pirmo \u012f\u0117jimo \u012f puslap\u012f metu\/ 1 minut\u0117<\/span><\/td>\n<\/tr>\n<tr>\n<td><span style=\"font-weight: 400;\">IDE<\/span><\/td>\n<td><span style=\"font-weight: 400;\">\u0160is slapukas naudojamas Google Adwords, siekiant atpa\u017einti Asmen\u012f.<\/span><\/td>\n<td><span style=\"font-weight: 400;\">Nuo sutikimo \/ 1 metai<\/span><\/td>\n<\/tr>\n<\/tbody>\n<\/table>\n<p>&nbsp;<\/p>\n<p><span style=\"font-weight: 400;\">Nor\u0117dami su\u017einoti daugiau apie slapukus, kaip juos valdyti ar i\u0161trinti, apsilankykite svetain\u0117je <\/span><a href=\"http:\/\/www.allaboutcookies.org\/\"><span style=\"font-weight: 400;\">http:\/\/www.allaboutcookies.org<\/span><\/a><\/p>\n<p><span style=\"font-weight: 400;\">Jei norite su\u017einoti, kaip i\u0161jungti svetaini\u0173 steb\u0117jim\u0105 naudojant \u201eGoogle Analytics\u201c slapukus, apsilankykite svetain\u0117je <\/span><a href=\"http:\/\/tools.google.com\/dlpage\/gaoptout\"><span style=\"font-weight: 400;\">http:\/\/tools.google.com\/dlpage\/gaoptout<\/span><\/a><\/p>\n<p><span style=\"font-weight: 400;\">Slapuk\u0173 r\u016b\u0161ys<\/span><\/p>\n<p><span style=\"font-weight: 400;\">Slapukus sudaro seanso slapukai ir ilgalaikiai slapukai, taip pat pirmosios ar tre\u010di\u0173j\u0173 \u0161ali\u0173 slapukai. \u0160i\u0173 termin\u0173 apibr\u0117\u017eimai yra pateikti \u017eemiau, kad gal\u0117tum\u0117te geriau suprasti m\u016bs\u0173 slapuk\u0173 pob\u016bd\u012f ir paskirt\u012f.<\/span><\/p>\n<p><span style=\"font-weight: 400;\">Seanso slapukai<\/span><\/p>\n<p><span style=\"font-weight: 400;\">Seanso slapukai leid\u017eia Jus atpa\u017einti per vien\u0105 apsilankym\u0105 m\u016bs\u0173 svetain\u0117je, kad visi puslapio pakeitimai ar parinktys b\u016bt\u0173 \u012fsimenami keliaujant i\u0161 vieno puslapio \u012f kit\u0105. \u0160ie slapukai leid\u017eia greitai ir lengvai eiti per daugyb\u0119 svetain\u0117s puslapi\u0173, kad kaskart apsilankius naujoje vietoje nereik\u0117t\u0173 i\u0161 naujo apdoroti informacijos. Seanso slapukai yra laikini ir i\u0161trinami vos tik u\u017everiate nar\u0161ykl\u0119 ar atsijungiate nuo svetain\u0117s.<\/span><\/p>\n<p><span style=\"font-weight: 400;\">Ilgalaikiai slapukai<\/span><\/p>\n<p><span style=\"font-weight: 400;\">Ilgalaikiai slapukai \u2013 tai tokie slapukai, kurie nustatyt\u0105 laikotarp\u012f i\u0161lieka J\u016bs\u0173 kompiuteryje pasibaigus nar\u0161ymo seansui, tod\u0117l gali u\u017efiksuoti tam tikras naudotoj\u0173 parinktis arba veiksmus, kai svetain\u0117 aplankoma dar kart\u0105.<\/span><\/p>\n<p><span style=\"font-weight: 400;\">Pirmosios \u0161alies slapukai<\/span><\/p>\n<p><span style=\"font-weight: 400;\">Tai slapukai, kurie reikalingi, kad Wide Wings svetain\u0117 gal\u0117t\u0173 tinkamai funkcionuoti.<\/span><\/p>\n<p><span style=\"font-weight: 400;\">Tre\u010di\u0173j\u0173 \u0161ali\u0173 slapukai<\/span><\/p>\n<p><span style=\"font-weight: 400;\">Tai slapukai, kuriuos naudoja kitos organizacijos per m\u016bs\u0173 svetain\u0119. M\u016bs\u0173 Wide Wings svetain\u0117je naudojami \u201eGoogle Analytics\u201d slapukai, skirti svetain\u0117s lankomumui analizuoti. \u201eGoogle Analytics\u201d anonimi\u0161kai renka informacij\u0105 apie lankytoj\u0173 skai\u010di\u0173, viet\u0105, i\u0161 kurios buvo naudojamasi m\u016bs\u0173 svetaine, ir kokios svetain\u0117s dalys buvo nar\u0161omos lankytoj\u0173. \u0160ie slapukai yra sukurti sistemai \u201eGoogle Analytics\u201d. Pla\u010diau apie \u201eGoogle Analytics\u201d \u2013 http:\/\/www.google.com\/analytics.<\/span><\/p>\n<p><span style=\"font-weight: 400;\">Bet kokia informacija, surinkta per slapukus, yra saugoma iki slapuk\u0173 galiojimo pabaigos ir n\u0117ra naudojama kitais nei \u0161ioje Politikoje nurodytais tikslais.<\/span><\/p>\n<p><span style=\"font-weight: 400;\">M\u016bs\u0173 svetain\u0117je yra nuorod\u0173 \u012f kit\u0173 asmen\u0173, \u012fmoni\u0173 ar organizacij\u0173 interneto tinklalapius. Atkreipiame d\u0117mes\u012f, kad Wide Wings n\u0117ra atsakinga u\u017e toki\u0173 interneto tinklalapi\u0173 turin\u012f ar j\u0173 naudojamus privatumo u\u017etikrinimo principus. Tad jei paspaud\u0119 nuorod\u0105 i\u0161 Wide WIngs interneto svetain\u0117s pateksite \u012f kitus tinklalapius, tur\u0117tum\u0117te atskirai pasidom\u0117ti j\u0173 privatumo politika.<\/span><\/p>\n<h3>J\u016bs\u0173 teis\u0117s<\/h3>\n<p><span style=\"font-weight: 400;\">J\u016bs turite teis\u0119 pra\u0161yti prieigos prie savo duomen\u0173, kuriuos surinkome naudodami slapukus. Jei j\u016bs\u0173 asmens duomenys yra netiksl\u016bs, nei\u0161sam\u016bs ar neteisingi, turite teis\u0119 reikalauti, kad jie b\u016bt\u0173 i\u0161taisyti.<\/span><\/p>\n<p><span style=\"font-weight: 400;\">Jei turite klausim\u0173 ar norite pasinaudoti savo teis\u0117mis, susisiekite su mumis el. pa\u0161tu hello@widewings.eu arba kitais \u0161ioje svetain\u0117je nurodytais kanalais.<\/span><\/p>\n<p>&nbsp;<\/p>\n","protected":false},"excerpt":{"rendered":"<p>\u0160i privatumo ir slapuk\u0173 politika (toliau \u2013 Politika) taikoma visiems Wide Wings svetain\u0117s vartotojams. \u0160i politika netaikoma, jei nar\u0161ote tre\u010di\u0173j\u0173 \u0161ali\u0173 svetain\u0117se, kurias pasiek\u0117te per Wide Wings svetain\u0119. Savo tinklalapio lankytoj\u0173 duomenis renkame tik gav\u0119 lankytoj\u0173 sutikim\u0105, vadovaudamiesi Lietuvos Respublikos asmens duomen\u0173 teisin\u0117s apsaugos \u012fstatymo, Lietuvos Respublikos elektronini\u0173 ry\u0161i\u0173 \u012fstatymo, Europos S\u0105jungos asmens duomen\u0173 apsaugos&#8230;<\/p>\n","protected":false},"author":2,"featured_media":0,"parent":0,"menu_order":0,"comment_status":"closed","ping_status":"closed","template":"","meta":{"_acf_changed":false,"footnotes":""},"class_list":["post-323","page","type-page","status-publish","hentry"],"acf":[],"yoast_head":"<!-- This site is optimized with the Yoast SEO plugin v26.7 - https:\/\/yoast.com\/wordpress\/plugins\/seo\/ -->\n<title>Wide Wings - Privatumo Politika<\/title>\n<meta name=\"robots\" content=\"index, follow, max-snippet:-1, max-image-preview:large, max-video-preview:-1\" \/>\n<link rel=\"canonical\" href=\"http:\/\/widewings.eu\/lt\/privatumo-politika\/\" \/>\n<meta property=\"og:locale\" content=\"lt_LT\" \/>\n<meta property=\"og:type\" content=\"article\" \/>\n<meta property=\"og:title\" content=\"Wide Wings - Privatumo Politika\" \/>\n<meta property=\"og:description\" content=\"\u0160i privatumo ir slapuk\u0173 politika (toliau \u2013 Politika) taikoma visiems Wide Wings svetain\u0117s vartotojams. \u0160i politika netaikoma, jei nar\u0161ote tre\u010di\u0173j\u0173 \u0161ali\u0173 svetain\u0117se, kurias pasiek\u0117te per Wide Wings svetain\u0119. Savo tinklalapio lankytoj\u0173 duomenis renkame tik gav\u0119 lankytoj\u0173 sutikim\u0105, vadovaudamiesi Lietuvos Respublikos asmens duomen\u0173 teisin\u0117s apsaugos \u012fstatymo, Lietuvos Respublikos elektronini\u0173 ry\u0161i\u0173 \u012fstatymo, Europos S\u0105jungos asmens duomen\u0173 apsaugos...\" \/>\n<meta property=\"og:url\" content=\"http:\/\/widewings.eu\/lt\/privatumo-politika\/\" \/>\n<meta property=\"og:site_name\" content=\"Wide Wings\" \/>\n<meta property=\"article:modified_time\" content=\"2022-11-23T12:51:19+00:00\" \/>\n<meta property=\"og:image\" content=\"https:\/\/widewings.eu\/wp-content\/uploads\/2023\/03\/Meta-image1.jpg\" \/>\n\t<meta property=\"og:image:width\" content=\"1200\" \/>\n\t<meta property=\"og:image:height\" content=\"627\" \/>\n\t<meta property=\"og:image:type\" content=\"image\/jpeg\" \/>\n<meta name=\"twitter:card\" content=\"summary_large_image\" \/>\n<meta name=\"twitter:label1\" content=\"Est. reading time\" \/>\n\t<meta name=\"twitter:data1\" content=\"4 minut\u0117s\" \/>\n<script type=\"application\/ld+json\" class=\"yoast-schema-graph\">{\"@context\":\"https:\/\/schema.org\",\"@graph\":[{\"@type\":\"WebPage\",\"@id\":\"http:\/\/widewings.eu\/lt\/privatumo-politika\/\",\"url\":\"http:\/\/widewings.eu\/lt\/privatumo-politika\/\",\"name\":\"Wide Wings - Privatumo Politika\",\"isPartOf\":{\"@id\":\"https:\/\/widewings.eu\/#website\"},\"datePublished\":\"2022-11-11T13:49:28+00:00\",\"dateModified\":\"2022-11-23T12:51:19+00:00\",\"inLanguage\":\"lt-LT\",\"potentialAction\":[{\"@type\":\"ReadAction\",\"target\":[\"http:\/\/widewings.eu\/lt\/privatumo-politika\/\"]}]},{\"@type\":\"WebSite\",\"@id\":\"https:\/\/widewings.eu\/#website\",\"url\":\"https:\/\/widewings.eu\/\",\"name\":\"Wide Wings\",\"description\":\"\",\"publisher\":{\"@id\":\"https:\/\/widewings.eu\/#organization\"},\"potentialAction\":[{\"@type\":\"SearchAction\",\"target\":{\"@type\":\"EntryPoint\",\"urlTemplate\":\"https:\/\/widewings.eu\/?s={search_term_string}\"},\"query-input\":{\"@type\":\"PropertyValueSpecification\",\"valueRequired\":true,\"valueName\":\"search_term_string\"}}],\"inLanguage\":\"lt-LT\"},{\"@type\":\"Organization\",\"@id\":\"https:\/\/widewings.eu\/#organization\",\"name\":\"Wide Wings\",\"url\":\"https:\/\/widewings.eu\/\",\"logo\":{\"@type\":\"ImageObject\",\"inLanguage\":\"lt-LT\",\"@id\":\"https:\/\/widewings.eu\/#\/schema\/logo\/image\/\",\"url\":\"https:\/\/widewings.eu\/wp-content\/uploads\/2023\/03\/Meta-image1.jpg\",\"contentUrl\":\"https:\/\/widewings.eu\/wp-content\/uploads\/2023\/03\/Meta-image1.jpg\",\"width\":1200,\"height\":627,\"caption\":\"Wide Wings\"},\"image\":{\"@id\":\"https:\/\/widewings.eu\/#\/schema\/logo\/image\/\"}}]}<\/script>\n<!-- \/ Yoast SEO plugin. -->","yoast_head_json":{"title":"Wide Wings - Privatumo Politika","robots":{"index":"index","follow":"follow","max-snippet":"max-snippet:-1","max-image-preview":"max-image-preview:large","max-video-preview":"max-video-preview:-1"},"canonical":"http:\/\/widewings.eu\/lt\/privatumo-politika\/","og_locale":"lt_LT","og_type":"article","og_title":"Wide Wings - Privatumo Politika","og_description":"\u0160i privatumo ir slapuk\u0173 politika (toliau \u2013 Politika) taikoma visiems Wide Wings svetain\u0117s vartotojams. \u0160i politika netaikoma, jei nar\u0161ote tre\u010di\u0173j\u0173 \u0161ali\u0173 svetain\u0117se, kurias pasiek\u0117te per Wide Wings svetain\u0119. Savo tinklalapio lankytoj\u0173 duomenis renkame tik gav\u0119 lankytoj\u0173 sutikim\u0105, vadovaudamiesi Lietuvos Respublikos asmens duomen\u0173 teisin\u0117s apsaugos \u012fstatymo, Lietuvos Respublikos elektronini\u0173 ry\u0161i\u0173 \u012fstatymo, Europos S\u0105jungos asmens duomen\u0173 apsaugos...","og_url":"http:\/\/widewings.eu\/lt\/privatumo-politika\/","og_site_name":"Wide Wings","article_modified_time":"2022-11-23T12:51:19+00:00","og_image":[{"width":1200,"height":627,"url":"https:\/\/widewings.eu\/wp-content\/uploads\/2023\/03\/Meta-image1.jpg","type":"image\/jpeg"}],"twitter_card":"summary_large_image","twitter_misc":{"Est. reading time":"4 minut\u0117s"},"schema":{"@context":"https:\/\/schema.org","@graph":[{"@type":"WebPage","@id":"http:\/\/widewings.eu\/lt\/privatumo-politika\/","url":"http:\/\/widewings.eu\/lt\/privatumo-politika\/","name":"Wide Wings - Privatumo Politika","isPartOf":{"@id":"https:\/\/widewings.eu\/#website"},"datePublished":"2022-11-11T13:49:28+00:00","dateModified":"2022-11-23T12:51:19+00:00","inLanguage":"lt-LT","potentialAction":[{"@type":"ReadAction","target":["http:\/\/widewings.eu\/lt\/privatumo-politika\/"]}]},{"@type":"WebSite","@id":"https:\/\/widewings.eu\/#website","url":"https:\/\/widewings.eu\/","name":"Wide Wings","description":"","publisher":{"@id":"https:\/\/widewings.eu\/#organization"},"potentialAction":[{"@type":"SearchAction","target":{"@type":"EntryPoint","urlTemplate":"https:\/\/widewings.eu\/?s={search_term_string}"},"query-input":{"@type":"PropertyValueSpecification","valueRequired":true,"valueName":"search_term_string"}}],"inLanguage":"lt-LT"},{"@type":"Organization","@id":"https:\/\/widewings.eu\/#organization","name":"Wide Wings","url":"https:\/\/widewings.eu\/","logo":{"@type":"ImageObject","inLanguage":"lt-LT","@id":"https:\/\/widewings.eu\/#\/schema\/logo\/image\/","url":"https:\/\/widewings.eu\/wp-content\/uploads\/2023\/03\/Meta-image1.jpg","contentUrl":"https:\/\/widewings.eu\/wp-content\/uploads\/2023\/03\/Meta-image1.jpg","width":1200,"height":627,"caption":"Wide Wings"},"image":{"@id":"https:\/\/widewings.eu\/#\/schema\/logo\/image\/"}}]}},"_links":{"self":[{"href":"https:\/\/widewings.eu\/lt\/wp-json\/wp\/v2\/pages\/323","targetHints":{"allow":["GET"]}}],"collection":[{"href":"https:\/\/widewings.eu\/lt\/wp-json\/wp\/v2\/pages"}],"about":[{"href":"https:\/\/widewings.eu\/lt\/wp-json\/wp\/v2\/types\/page"}],"author":[{"embeddable":true,"href":"https:\/\/widewings.eu\/lt\/wp-json\/wp\/v2\/users\/2"}],"replies":[{"embeddable":true,"href":"https:\/\/widewings.eu\/lt\/wp-json\/wp\/v2\/comments?post=323"}],"version-history":[{"count":8,"href":"https:\/\/widewings.eu\/lt\/wp-json\/wp\/v2\/pages\/323\/revisions"}],"predecessor-version":[{"id":331,"href":"https:\/\/widewings.eu\/lt\/wp-json\/wp\/v2\/pages\/323\/revisions\/331"}],"wp:attachment":[{"href":"https:\/\/widewings.eu\/lt\/wp-json\/wp\/v2\/media?parent=323"}],"curies":[{"name":"wp","href":"https:\/\/api.w.org\/{rel}","templated":true}]}}